{"id":1160,"date":"2022-05-26T10:36:29","date_gmt":"2022-05-26T08:36:29","guid":{"rendered":"http:\/\/geafiltri.internetimage.info\/prodotto-su-misura\/"},"modified":"2023-01-31T11:48:27","modified_gmt":"2023-01-31T10:48:27","slug":"kundenspezifisches-produkt","status":"publish","type":"page","link":"https:\/\/www.geafiltri.com\/de\/kundenspezifisches-produkt\/","title":{"rendered":"Kundenspezifisches Produkt"},"content":{"rendered":"<h1>Kundenspezifisches Produkt<\/h1>\n<p>Neben der Katalogproduktion erm\u00f6glicht unsere Struktur, mit dem Kunden L\u00f6sungen auf der Grundlage von Zeichnungen, Mustern oder gem\u00e4\u00df seinem Anwendungsprojekt zu entwickeln.<\/p>\n<p>Gemeinsam pr\u00fcfen wir Ihre verschiedenen Funktionsdaten: die Anwendung, die Verschmutzung und das Platzangebot f\u00fcr die Anlage und damit f\u00fcr die Filterelemente. Wir interpretieren Ihre Bed\u00fcrfnisse in Bezug auf die zu entwickelnden Filter, um die optimale Kombination aus Dimensionierung, Oberfl\u00e4che, Geschwindigkeit und Regenerierbarkeit zu definieren.<\/p>\n<p>Wir m\u00f6chten Ihnen das Produkt mit dem besten Verh\u00e4ltnis zwischen Kosten und Lebensdauer liefern, das es erm\u00f6glicht, die Effizienz und Produktivit\u00e4t der Anlage zu maximieren.<\/p>\n<h1><\/h1>\n","protected":false},"excerpt":{"rendered":"<p>Kundenspezifisches Produkt Neben der Katalogproduktion erm\u00f6glicht unsere Struktur, mit dem Kunden L\u00f6sungen auf der Grundlage von Zeichnungen, Mustern oder gem\u00e4\u00df seinem Anwendungsprojekt zu entwickeln. Gemeinsam pr\u00fcfen wir Ihre verschiedenen Funktionsdaten: die Anwendung, die Verschmutzung und das Platzangebot f\u00fcr die Anlage und damit f\u00fcr die Filterelemente. Wir interpretieren Ihre Bed\u00fcrfnisse in Bezug auf die zu entwickelnden [&hellip;]<\/p>\n","protected":false},"author":1,"featured_media":804,"parent":0,"menu_order":16,"comment_status":"closed","ping_status":"closed","template":"page-custom.php","meta":{"footnotes":""},"class_list":["post-1160","page","type-page","status-publish","has-post-thumbnail","hentry"],"acf":[],"yoast_head":"<!-- This site is optimized with the Yoast SEO plugin v27.1.1 - https:\/\/yoast.com\/product\/yoast-seo-wordpress\/ -->\n<title>Kundenspezifisches Produkt - Geafiltri<\/title>\n<meta name=\"description\" content=\"Erm\u00f6glicht unsere Struktur, mit dem Kunden L\u00f6sungen auf der Grundlage von Zeichnungen, Mustern oder gem\u00e4\u00df seinem Anwendungsprojekt zu entwickeln.\" \/>\n<meta name=\"robots\" content=\"index, follow, max-snippet:-1, max-image-preview:large, max-video-preview:-1\" \/>\n<link rel=\"canonical\" href=\"https:\/\/www.geafiltri.com\/de\/kundenspezifisches-produkt\/\" \/>\n<meta property=\"og:locale\" content=\"de_DE\" \/>\n<meta property=\"og:type\" content=\"article\" \/>\n<meta property=\"og:title\" content=\"Kundenspezifisches Produkt - Geafiltri\" \/>\n<meta property=\"og:description\" content=\"Erm\u00f6glicht unsere Struktur, mit dem Kunden L\u00f6sungen auf der Grundlage von Zeichnungen, Mustern oder gem\u00e4\u00df seinem Anwendungsprojekt zu entwickeln.\" \/>\n<meta property=\"og:url\" content=\"https:\/\/www.geafiltri.com\/de\/kundenspezifisches-produkt\/\" \/>\n<meta property=\"og:site_name\" content=\"Geafiltri\" \/>\n<meta property=\"article:modified_time\" content=\"2023-01-31T10:48:27+00:00\" \/>\n<meta property=\"og:image\" content=\"https:\/\/www.geafiltri.com\/wp-content\/uploads\/2022\/04\/immagine-gen.jpg\" \/>\n\t<meta property=\"og:image:width\" content=\"1912\" \/>\n\t<meta property=\"og:image:height\" content=\"1884\" \/>\n\t<meta property=\"og:image:type\" content=\"image\/jpeg\" \/>\n<meta name=\"twitter:card\" content=\"summary_large_image\" \/>\n<meta name=\"twitter:label1\" content=\"Gesch\u00e4tzte Lesezeit\" \/>\n\t<meta name=\"twitter:data1\" content=\"1\u00a0Minute\" \/>\n<script type=\"application\/ld+json\" class=\"yoast-schema-graph\">{\"@context\":\"https:\/\/schema.org\",\"@graph\":[{\"@type\":\"WebPage\",\"@id\":\"https:\/\/www.geafiltri.com\/de\/kundenspezifisches-produkt\/\",\"url\":\"https:\/\/www.geafiltri.com\/de\/kundenspezifisches-produkt\/\",\"name\":\"Kundenspezifisches Produkt - Geafiltri\",\"isPartOf\":{\"@id\":\"https:\/\/www.geafiltri.com\/de\/#website\"},\"primaryImageOfPage\":{\"@id\":\"https:\/\/www.geafiltri.com\/de\/kundenspezifisches-produkt\/#primaryimage\"},\"image\":{\"@id\":\"https:\/\/www.geafiltri.com\/de\/kundenspezifisches-produkt\/#primaryimage\"},\"thumbnailUrl\":\"https:\/\/www.geafiltri.com\/wp-content\/uploads\/2022\/04\/immagine-gen.jpg\",\"datePublished\":\"2022-05-26T08:36:29+00:00\",\"dateModified\":\"2023-01-31T10:48:27+00:00\",\"description\":\"Erm\u00f6glicht unsere Struktur, mit dem Kunden L\u00f6sungen auf der Grundlage von Zeichnungen, Mustern oder gem\u00e4\u00df seinem Anwendungsprojekt zu entwickeln.\",\"inLanguage\":\"de\",\"potentialAction\":[{\"@type\":\"ReadAction\",\"target\":[\"https:\/\/www.geafiltri.com\/de\/kundenspezifisches-produkt\/\"]}]},{\"@type\":\"ImageObject\",\"inLanguage\":\"de\",\"@id\":\"https:\/\/www.geafiltri.com\/de\/kundenspezifisches-produkt\/#primaryimage\",\"url\":\"https:\/\/www.geafiltri.com\/wp-content\/uploads\/2022\/04\/immagine-gen.jpg\",\"contentUrl\":\"https:\/\/www.geafiltri.com\/wp-content\/uploads\/2022\/04\/immagine-gen.jpg\",\"width\":1912,\"height\":1884,\"caption\":\"Geafiltri - prodotti\"},{\"@type\":\"WebSite\",\"@id\":\"https:\/\/www.geafiltri.com\/de\/#website\",\"url\":\"https:\/\/www.geafiltri.com\/de\/\",\"name\":\"Geafiltri\",\"description\":\"Un nuovo sito targato WordPress\",\"publisher\":{\"@id\":\"https:\/\/www.geafiltri.com\/de\/#organization\"},\"potentialAction\":[{\"@type\":\"SearchAction\",\"target\":{\"@type\":\"EntryPoint\",\"urlTemplate\":\"https:\/\/www.geafiltri.com\/de\/?s={search_term_string}\"},\"query-input\":{\"@type\":\"PropertyValueSpecification\",\"valueRequired\":true,\"valueName\":\"search_term_string\"}}],\"inLanguage\":\"de\"},{\"@type\":\"Organization\",\"@id\":\"https:\/\/www.geafiltri.com\/de\/#organization\",\"name\":\"Geafiltri\",\"alternateName\":\"Gasparini Srl\",\"url\":\"https:\/\/www.geafiltri.com\/de\/\",\"logo\":{\"@type\":\"ImageObject\",\"inLanguage\":\"de\",\"@id\":\"https:\/\/www.geafiltri.com\/de\/#\/schema\/logo\/image\/\",\"url\":\"https:\/\/www.geafiltri.com\/wp-content\/uploads\/2019\/08\/logo-mail.png\",\"contentUrl\":\"https:\/\/www.geafiltri.com\/wp-content\/uploads\/2019\/08\/logo-mail.png\",\"width\":166,\"height\":150,\"caption\":\"Geafiltri\"},\"image\":{\"@id\":\"https:\/\/www.geafiltri.com\/de\/#\/schema\/logo\/image\/\"}}]}<\/script>\n<!-- \/ Yoast SEO plugin. -->","yoast_head_json":{"title":"Kundenspezifisches Produkt - Geafiltri","description":"Erm\u00f6glicht unsere Struktur, mit dem Kunden L\u00f6sungen auf der Grundlage von Zeichnungen, Mustern oder gem\u00e4\u00df seinem Anwendungsprojekt zu entwickeln.","robots":{"index":"index","follow":"follow","max-snippet":"max-snippet:-1","max-image-preview":"max-image-preview:large","max-video-preview":"max-video-preview:-1"},"canonical":"https:\/\/www.geafiltri.com\/de\/kundenspezifisches-produkt\/","og_locale":"de_DE","og_type":"article","og_title":"Kundenspezifisches Produkt - Geafiltri","og_description":"Erm\u00f6glicht unsere Struktur, mit dem Kunden L\u00f6sungen auf der Grundlage von Zeichnungen, Mustern oder gem\u00e4\u00df seinem Anwendungsprojekt zu entwickeln.","og_url":"https:\/\/www.geafiltri.com\/de\/kundenspezifisches-produkt\/","og_site_name":"Geafiltri","article_modified_time":"2023-01-31T10:48:27+00:00","og_image":[{"width":1912,"height":1884,"url":"https:\/\/www.geafiltri.com\/wp-content\/uploads\/2022\/04\/immagine-gen.jpg","type":"image\/jpeg"}],"twitter_card":"summary_large_image","twitter_misc":{"Gesch\u00e4tzte Lesezeit":"1\u00a0Minute"},"schema":{"@context":"https:\/\/schema.org","@graph":[{"@type":"WebPage","@id":"https:\/\/www.geafiltri.com\/de\/kundenspezifisches-produkt\/","url":"https:\/\/www.geafiltri.com\/de\/kundenspezifisches-produkt\/","name":"Kundenspezifisches Produkt - Geafiltri","isPartOf":{"@id":"https:\/\/www.geafiltri.com\/de\/#website"},"primaryImageOfPage":{"@id":"https:\/\/www.geafiltri.com\/de\/kundenspezifisches-produkt\/#primaryimage"},"image":{"@id":"https:\/\/www.geafiltri.com\/de\/kundenspezifisches-produkt\/#primaryimage"},"thumbnailUrl":"https:\/\/www.geafiltri.com\/wp-content\/uploads\/2022\/04\/immagine-gen.jpg","datePublished":"2022-05-26T08:36:29+00:00","dateModified":"2023-01-31T10:48:27+00:00","description":"Erm\u00f6glicht unsere Struktur, mit dem Kunden L\u00f6sungen auf der Grundlage von Zeichnungen, Mustern oder gem\u00e4\u00df seinem Anwendungsprojekt zu entwickeln.","inLanguage":"de","potentialAction":[{"@type":"ReadAction","target":["https:\/\/www.geafiltri.com\/de\/kundenspezifisches-produkt\/"]}]},{"@type":"ImageObject","inLanguage":"de","@id":"https:\/\/www.geafiltri.com\/de\/kundenspezifisches-produkt\/#primaryimage","url":"https:\/\/www.geafiltri.com\/wp-content\/uploads\/2022\/04\/immagine-gen.jpg","contentUrl":"https:\/\/www.geafiltri.com\/wp-content\/uploads\/2022\/04\/immagine-gen.jpg","width":1912,"height":1884,"caption":"Geafiltri - prodotti"},{"@type":"WebSite","@id":"https:\/\/www.geafiltri.com\/de\/#website","url":"https:\/\/www.geafiltri.com\/de\/","name":"Geafiltri","description":"Un nuovo sito targato WordPress","publisher":{"@id":"https:\/\/www.geafiltri.com\/de\/#organization"},"potentialAction":[{"@type":"SearchAction","target":{"@type":"EntryPoint","urlTemplate":"https:\/\/www.geafiltri.com\/de\/?s={search_term_string}"},"query-input":{"@type":"PropertyValueSpecification","valueRequired":true,"valueName":"search_term_string"}}],"inLanguage":"de"},{"@type":"Organization","@id":"https:\/\/www.geafiltri.com\/de\/#organization","name":"Geafiltri","alternateName":"Gasparini Srl","url":"https:\/\/www.geafiltri.com\/de\/","logo":{"@type":"ImageObject","inLanguage":"de","@id":"https:\/\/www.geafiltri.com\/de\/#\/schema\/logo\/image\/","url":"https:\/\/www.geafiltri.com\/wp-content\/uploads\/2019\/08\/logo-mail.png","contentUrl":"https:\/\/www.geafiltri.com\/wp-content\/uploads\/2019\/08\/logo-mail.png","width":166,"height":150,"caption":"Geafiltri"},"image":{"@id":"https:\/\/www.geafiltri.com\/de\/#\/schema\/logo\/image\/"}}]}},"_links":{"self":[{"href":"https:\/\/www.geafiltri.com\/de\/wp-json\/wp\/v2\/pages\/1160","targetHints":{"allow":["GET"]}}],"collection":[{"href":"https:\/\/www.geafiltri.com\/de\/wp-json\/wp\/v2\/pages"}],"about":[{"href":"https:\/\/www.geafiltri.com\/de\/wp-json\/wp\/v2\/types\/page"}],"author":[{"embeddable":true,"href":"https:\/\/www.geafiltri.com\/de\/wp-json\/wp\/v2\/users\/1"}],"replies":[{"embeddable":true,"href":"https:\/\/www.geafiltri.com\/de\/wp-json\/wp\/v2\/comments?post=1160"}],"version-history":[{"count":5,"href":"https:\/\/www.geafiltri.com\/de\/wp-json\/wp\/v2\/pages\/1160\/revisions"}],"predecessor-version":[{"id":1451,"href":"https:\/\/www.geafiltri.com\/de\/wp-json\/wp\/v2\/pages\/1160\/revisions\/1451"}],"wp:featuredmedia":[{"embeddable":true,"href":"https:\/\/www.geafiltri.com\/de\/wp-json\/wp\/v2\/media\/804"}],"wp:attachment":[{"href":"https:\/\/www.geafiltri.com\/de\/wp-json\/wp\/v2\/media?parent=1160"}],"curies":[{"name":"wp","href":"https:\/\/api.w.org\/{rel}","templated":true}]}}