{"id":1463,"date":"2022-12-19T12:09:02","date_gmt":"2022-12-19T11:09:02","guid":{"rendered":"http:\/\/geafiltri.internetimage.info\/?page_id=1463"},"modified":"2023-01-31T11:18:58","modified_gmt":"2023-01-31T10:18:58","slug":"anwendungen","status":"publish","type":"page","link":"https:\/\/www.geafiltri.com\/de\/anwendungen\/","title":{"rendered":"Anwendungen"},"content":{"rendered":"","protected":false},"excerpt":{"rendered":"","protected":false},"author":2,"featured_media":0,"parent":0,"menu_order":10,"comment_status":"closed","ping_status":"closed","template":"applicazioni.php","meta":{"footnotes":""},"class_list":["post-1463","page","type-page","status-publish","hentry"],"acf":[],"yoast_head":"<!-- This site is optimized with the Yoast SEO plugin v27.1.1 - https:\/\/yoast.com\/product\/yoast-seo-wordpress\/ -->\n<title>Oberfl\u00e4chenbehandlungen und Anwendungen - Geafiltri<\/title>\n<meta name=\"description\" content=\"Seit 1986 entwickeln und produzieren wir Filterpatronen f\u00fcr industrielle Entstaubung. Finden Sie die Produkte f\u00fcr Ihre Anwendung!\" \/>\n<meta name=\"robots\" content=\"index, follow, max-snippet:-1, max-image-preview:large, max-video-preview:-1\" \/>\n<link rel=\"canonical\" href=\"https:\/\/www.geafiltri.com\/de\/anwendungen\/\" \/>\n<meta property=\"og:locale\" content=\"de_DE\" \/>\n<meta property=\"og:type\" content=\"article\" \/>\n<meta property=\"og:title\" content=\"Oberfl\u00e4chenbehandlungen und Anwendungen - Geafiltri\" \/>\n<meta property=\"og:description\" content=\"Seit 1986 entwickeln und produzieren wir Filterpatronen f\u00fcr industrielle Entstaubung. Finden Sie die Produkte f\u00fcr Ihre Anwendung!\" \/>\n<meta property=\"og:url\" content=\"https:\/\/www.geafiltri.com\/de\/anwendungen\/\" \/>\n<meta property=\"og:site_name\" content=\"Geafiltri\" \/>\n<meta property=\"article:modified_time\" content=\"2023-01-31T10:18:58+00:00\" \/>\n<meta property=\"og:image\" content=\"https:\/\/www.geafiltri.com\/wp-content\/uploads\/2019\/08\/logo-mail.png\" \/>\n\t<meta property=\"og:image:width\" content=\"166\" \/>\n\t<meta property=\"og:image:height\" content=\"150\" \/>\n\t<meta property=\"og:image:type\" content=\"image\/png\" \/>\n<meta name=\"twitter:card\" content=\"summary_large_image\" \/>\n<script type=\"application\/ld+json\" class=\"yoast-schema-graph\">{\"@context\":\"https:\/\/schema.org\",\"@graph\":[{\"@type\":\"WebPage\",\"@id\":\"https:\/\/www.geafiltri.com\/de\/anwendungen\/\",\"url\":\"https:\/\/www.geafiltri.com\/de\/anwendungen\/\",\"name\":\"Oberfl\u00e4chenbehandlungen und Anwendungen - Geafiltri\",\"isPartOf\":{\"@id\":\"https:\/\/www.geafiltri.com\/de\/#website\"},\"datePublished\":\"2022-12-19T11:09:02+00:00\",\"dateModified\":\"2023-01-31T10:18:58+00:00\",\"description\":\"Seit 1986 entwickeln und produzieren wir Filterpatronen f\u00fcr industrielle Entstaubung. Finden Sie die Produkte f\u00fcr Ihre Anwendung!\",\"inLanguage\":\"de\",\"potentialAction\":[{\"@type\":\"ReadAction\",\"target\":[\"https:\/\/www.geafiltri.com\/de\/anwendungen\/\"]}]},{\"@type\":\"WebSite\",\"@id\":\"https:\/\/www.geafiltri.com\/de\/#website\",\"url\":\"https:\/\/www.geafiltri.com\/de\/\",\"name\":\"Geafiltri\",\"description\":\"Un nuovo sito targato WordPress\",\"publisher\":{\"@id\":\"https:\/\/www.geafiltri.com\/de\/#organization\"},\"potentialAction\":[{\"@type\":\"SearchAction\",\"target\":{\"@type\":\"EntryPoint\",\"urlTemplate\":\"https:\/\/www.geafiltri.com\/de\/?s={search_term_string}\"},\"query-input\":{\"@type\":\"PropertyValueSpecification\",\"valueRequired\":true,\"valueName\":\"search_term_string\"}}],\"inLanguage\":\"de\"},{\"@type\":\"Organization\",\"@id\":\"https:\/\/www.geafiltri.com\/de\/#organization\",\"name\":\"Geafiltri\",\"alternateName\":\"Gasparini Srl\",\"url\":\"https:\/\/www.geafiltri.com\/de\/\",\"logo\":{\"@type\":\"ImageObject\",\"inLanguage\":\"de\",\"@id\":\"https:\/\/www.geafiltri.com\/de\/#\/schema\/logo\/image\/\",\"url\":\"https:\/\/www.geafiltri.com\/wp-content\/uploads\/2019\/08\/logo-mail.png\",\"contentUrl\":\"https:\/\/www.geafiltri.com\/wp-content\/uploads\/2019\/08\/logo-mail.png\",\"width\":166,\"height\":150,\"caption\":\"Geafiltri\"},\"image\":{\"@id\":\"https:\/\/www.geafiltri.com\/de\/#\/schema\/logo\/image\/\"}}]}<\/script>\n<!-- \/ Yoast SEO plugin. -->","yoast_head_json":{"title":"Oberfl\u00e4chenbehandlungen und Anwendungen - Geafiltri","description":"Seit 1986 entwickeln und produzieren wir Filterpatronen f\u00fcr industrielle Entstaubung. Finden Sie die Produkte f\u00fcr Ihre Anwendung!","robots":{"index":"index","follow":"follow","max-snippet":"max-snippet:-1","max-image-preview":"max-image-preview:large","max-video-preview":"max-video-preview:-1"},"canonical":"https:\/\/www.geafiltri.com\/de\/anwendungen\/","og_locale":"de_DE","og_type":"article","og_title":"Oberfl\u00e4chenbehandlungen und Anwendungen - Geafiltri","og_description":"Seit 1986 entwickeln und produzieren wir Filterpatronen f\u00fcr industrielle Entstaubung. Finden Sie die Produkte f\u00fcr Ihre Anwendung!","og_url":"https:\/\/www.geafiltri.com\/de\/anwendungen\/","og_site_name":"Geafiltri","article_modified_time":"2023-01-31T10:18:58+00:00","og_image":[{"width":166,"height":150,"url":"https:\/\/www.geafiltri.com\/wp-content\/uploads\/2019\/08\/logo-mail.png","type":"image\/png"}],"twitter_card":"summary_large_image","schema":{"@context":"https:\/\/schema.org","@graph":[{"@type":"WebPage","@id":"https:\/\/www.geafiltri.com\/de\/anwendungen\/","url":"https:\/\/www.geafiltri.com\/de\/anwendungen\/","name":"Oberfl\u00e4chenbehandlungen und Anwendungen - Geafiltri","isPartOf":{"@id":"https:\/\/www.geafiltri.com\/de\/#website"},"datePublished":"2022-12-19T11:09:02+00:00","dateModified":"2023-01-31T10:18:58+00:00","description":"Seit 1986 entwickeln und produzieren wir Filterpatronen f\u00fcr industrielle Entstaubung. Finden Sie die Produkte f\u00fcr Ihre Anwendung!","inLanguage":"de","potentialAction":[{"@type":"ReadAction","target":["https:\/\/www.geafiltri.com\/de\/anwendungen\/"]}]},{"@type":"WebSite","@id":"https:\/\/www.geafiltri.com\/de\/#website","url":"https:\/\/www.geafiltri.com\/de\/","name":"Geafiltri","description":"Un nuovo sito targato WordPress","publisher":{"@id":"https:\/\/www.geafiltri.com\/de\/#organization"},"potentialAction":[{"@type":"SearchAction","target":{"@type":"EntryPoint","urlTemplate":"https:\/\/www.geafiltri.com\/de\/?s={search_term_string}"},"query-input":{"@type":"PropertyValueSpecification","valueRequired":true,"valueName":"search_term_string"}}],"inLanguage":"de"},{"@type":"Organization","@id":"https:\/\/www.geafiltri.com\/de\/#organization","name":"Geafiltri","alternateName":"Gasparini Srl","url":"https:\/\/www.geafiltri.com\/de\/","logo":{"@type":"ImageObject","inLanguage":"de","@id":"https:\/\/www.geafiltri.com\/de\/#\/schema\/logo\/image\/","url":"https:\/\/www.geafiltri.com\/wp-content\/uploads\/2019\/08\/logo-mail.png","contentUrl":"https:\/\/www.geafiltri.com\/wp-content\/uploads\/2019\/08\/logo-mail.png","width":166,"height":150,"caption":"Geafiltri"},"image":{"@id":"https:\/\/www.geafiltri.com\/de\/#\/schema\/logo\/image\/"}}]}},"_links":{"self":[{"href":"https:\/\/www.geafiltri.com\/de\/wp-json\/wp\/v2\/pages\/1463","targetHints":{"allow":["GET"]}}],"collection":[{"href":"https:\/\/www.geafiltri.com\/de\/wp-json\/wp\/v2\/pages"}],"about":[{"href":"https:\/\/www.geafiltri.com\/de\/wp-json\/wp\/v2\/types\/page"}],"author":[{"embeddable":true,"href":"https:\/\/www.geafiltri.com\/de\/wp-json\/wp\/v2\/users\/2"}],"replies":[{"embeddable":true,"href":"https:\/\/www.geafiltri.com\/de\/wp-json\/wp\/v2\/comments?post=1463"}],"version-history":[{"count":4,"href":"https:\/\/www.geafiltri.com\/de\/wp-json\/wp\/v2\/pages\/1463\/revisions"}],"predecessor-version":[{"id":1480,"href":"https:\/\/www.geafiltri.com\/de\/wp-json\/wp\/v2\/pages\/1463\/revisions\/1480"}],"wp:attachment":[{"href":"https:\/\/www.geafiltri.com\/de\/wp-json\/wp\/v2\/media?parent=1463"}],"curies":[{"name":"wp","href":"https:\/\/api.w.org\/{rel}","templated":true}]}}